{"id":5,"date":"2017-06-21T09:50:22","date_gmt":"2017-06-21T07:50:22","guid":{"rendered":"http:\/\/relslovakia.sk\/rekonstrukcie\/?page_id=5"},"modified":"2021-11-26T10:38:09","modified_gmt":"2021-11-26T09:38:09","slug":"partneri","status":"publish","type":"page","link":"http:\/\/relslovakia.sk\/rekonstrukcie\/partneri\/","title":{"rendered":"Partneri"},"content":{"rendered":"<p class=\"textaligncenter\">Pri na\u0161ej pr\u00e1ci vyu\u017e\u00edvame spolupr\u00e1cu s osved\u010den\u00fdmi dod\u00e1vate\u013emi. Na\u0161im cie\u013eom bolo n\u00e1js\u0165 partnerov, ktor\u00ed su schopn\u00ed dodr\u017ea\u0165 po\u017eadovan\u00fa kvalitu a reagova\u0165 na po\u017eiadavky z\u00e1kazn\u00edka v kr\u00e1tkom \u010dase.<br \/>V neposlednom rade sa sna\u017e\u00edme zabezpe\u010di\u0165 klientom produkty, ktor\u00e9 sp\u013a\u0148aj\u00fa najnov\u0161ie trendy.<\/p>","protected":false},"excerpt":{"rendered":"Pri na\u0161ej pr\u00e1ci vyu\u017e\u00edvame spolupr\u00e1cu s osved\u010den\u00fdmi dod\u00e1vate\u013emi. Na\u0161im cie\u013eom bolo n\u00e1js\u0165 partnerov, ktor\u00ed su schopn\u00ed dodr\u017ea\u0165 po\u017eadovan\u00fa kvalitu a reagova\u0165 na po\u017eiadavky z\u00e1kazn\u00edka v kr\u00e1tkom \u010dase.V neposlednom rade sa sna\u017e\u00edme zabezpe\u010di\u0165 klientom produkty, ktor\u00e9 sp\u013a\u0148aj\u00fa najnov\u0161ie trendy.","protected":false},"author":1,"featured_media":0,"parent":0,"menu_order":0,"comment_status":"closed","ping_status":"closed","template":"","meta":{"footnotes":""},"class_list":["post-5","page","type-page","status-publish","hentry"],"_links":{"self":[{"href":"http:\/\/relslovakia.sk\/rekonstrukcie\/wp-json\/wp\/v2\/pages\/5"}],"collection":[{"href":"http:\/\/relslovakia.sk\/rekonstrukcie\/wp-json\/wp\/v2\/pages"}],"about":[{"href":"http:\/\/relslovakia.sk\/rekonstrukcie\/wp-json\/wp\/v2\/types\/page"}],"author":[{"embeddable":true,"href":"http:\/\/relslovakia.sk\/rekonstrukcie\/wp-json\/wp\/v2\/users\/1"}],"replies":[{"embeddable":true,"href":"http:\/\/relslovakia.sk\/rekonstrukcie\/wp-json\/wp\/v2\/comments?post=5"}],"version-history":[{"count":4,"href":"http:\/\/relslovakia.sk\/rekonstrukcie\/wp-json\/wp\/v2\/pages\/5\/revisions"}],"predecessor-version":[{"id":51084,"href":"http:\/\/relslovakia.sk\/rekonstrukcie\/wp-json\/wp\/v2\/pages\/5\/revisions\/51084"}],"wp:attachment":[{"href":"http:\/\/relslovakia.sk\/rekonstrukcie\/wp-json\/wp\/v2\/media?parent=5"}],"curies":[{"name":"wp","href":"https:\/\/api.w.org\/{rel}","templated":true}]}}